{"id":2943,"date":"2012-04-21T18:20:54","date_gmt":"2012-04-21T16:20:54","guid":{"rendered":"http:\/\/www.wittener-pfadfinder.de\/blog\/?page_id=2943"},"modified":"2016-05-24T10:09:40","modified_gmt":"2016-05-24T08:09:40","slug":"pfadfinderisches","status":"publish","type":"page","link":"https:\/\/www.wittener-pfadfinder.de\/blog\/pfadfinderisches\/","title":{"rendered":"Pfadfinderisches"},"content":{"rendered":"<hr \/>\n\n<!-- Page-list plugin v.5.9 wordpress.org\/plugins\/page-list\/ -->\n<ul class=\"page-list subpages-page-list \">\n<li class=\"page_item page-item-2950\"><a href=\"https:\/\/www.wittener-pfadfinder.de\/blog\/pfadfinderisches\/baden-powell\/\">Baden Powell<\/a><\/li>\n<li class=\"page_item page-item-2973\"><a href=\"https:\/\/www.wittener-pfadfinder.de\/blog\/pfadfinderisches\/das-pfadfindergesetz\/\">Das Pfadfinder*Innengesetz<\/a><\/li>\n<li class=\"page_item page-item-2978\"><a href=\"https:\/\/www.wittener-pfadfinder.de\/blog\/pfadfinderisches\/die-kluft\/\">Die Kluft<\/a><\/li>\n<li class=\"page_item page-item-140\"><a href=\"https:\/\/www.wittener-pfadfinder.de\/blog\/pfadfinderisches\/rezepte\/\">Pfadfinder Rezepte<\/a><\/li>\n<li class=\"page_item page-item-34\"><a href=\"https:\/\/www.wittener-pfadfinder.de\/blog\/pfadfinderisches\/packliste\/\">Die Zeltlager Packliste<\/a><\/li>\n<li class=\"page_item page-item-4714\"><a href=\"https:\/\/www.wittener-pfadfinder.de\/blog\/pfadfinderisches\/schwedenstuhl-bauanleitung\/\">Schwedenstuhl-Bauanleitung<\/a><\/li>\n\n<\/ul>\n<hr \/>\n\n<!-- Page-list plugin v.5.9 wordpress.org\/plugins\/page-list\/ -->\n<div class=\"page-list page-list-ext \">\n<div class=\"page-list-ext-item\"><h3 class=\"page-list-ext-title\"><a href=\"https:\/\/www.wittener-pfadfinder.de\/blog\/pfadfinderisches\/baden-powell\/\" title=\"Baden Powell\">Baden Powell<\/a><\/h3><div class=\"page-list-ext-item-content\">Robert Stephenson Smyth Baden-Powell, 1. Baron Baden-Powell,  auch \"BiPi\" genannt, gr\u00fcndete 1907 die Weltpfadfinderbewegung und lebte nach den Wahlspr\u00fcchen\r\nBe prepared (dt. \"Allzeit bereit\") \r\nund\r\nVersucht, die Welt ein bisschen besser zur\u00fcckzulassen al...<\/div><\/div>\n<div class=\"page-list-ext-item\"><h3 class=\"page-list-ext-title\"><a href=\"https:\/\/www.wittener-pfadfinder.de\/blog\/pfadfinderisches\/das-pfadfindergesetz\/\" title=\"Das Pfadfinder*Innengesetz\">Das Pfadfinder*Innengesetz<\/a><\/h3><div class=\"page-list-ext-item-content\">\nUnser Pfadfinder*innengesetz in der Fassungs von 2015. Wenn du mehr zum Thema Pfadfinder*innengesetz, unserem Selbstverst\u00e4ndnis und der Arbeit in den Gruppen und Altersstufen wissen m\u00f6chtest, empfehlen wir die Webseite unseres Bundesverbands . \n\n\n\n \n...<\/div><\/div>\n<div class=\"page-list-ext-item\"><h3 class=\"page-list-ext-title\"><a href=\"https:\/\/www.wittener-pfadfinder.de\/blog\/pfadfinderisches\/die-kluft\/\" title=\"Die Kluft\">Die Kluft<\/a><\/h3><div class=\"page-list-ext-item-content\">\r\nDie DPSG Kluft \r\n\r\n\r\nDie \"Kluft\"  der DPSG ist ein sandfarbenes Hemd mit zwei Brusttaschen. Die DPSG-Kluft ist seit kurzem zus\u00e4tzlich zur klassischen Version mit langen Armen auch als kurz\u00e4rmelige Variante erh\u00e4ltlich . Die Kluftbluse f\u00fcr M\u00e4dchen und ...<\/div><\/div>\n<div class=\"page-list-ext-item\"><h3 class=\"page-list-ext-title\"><a href=\"https:\/\/www.wittener-pfadfinder.de\/blog\/pfadfinderisches\/rezepte\/\" title=\"Pfadfinder Rezepte\">Pfadfinder Rezepte<\/a><\/h3><div class=\"page-list-ext-item-content\">Hier haben wir eine kleine Sammlung leckerer Rezepte zusammengestellt, die sich in der Pfadfinderzeit ansammeln und die man immer mal wieder gebrauchen kann. Wer dazu ein paar Verbesserungsvorschl\u00e4ge oder noch bessere Tipps dazu hat, sofort raus damit. ...<\/div><\/div>\n<div class=\"page-list-ext-item\"><h3 class=\"page-list-ext-title\"><a href=\"https:\/\/www.wittener-pfadfinder.de\/blog\/pfadfinderisches\/packliste\/\" title=\"Die Zeltlager Packliste\">Die Zeltlager Packliste<\/a><\/h3><div class=\"page-list-ext-item-content\">Diese Sachen sollte man dabei haben, wenn man sich mit Pfadfindern in ein Zeltlager traut. Nat\u00fcrlich ist rundherum Platz f\u00fcr kreative Eigeninitiative (Musikinstrumente, H\u00e4ngematten etc.). Es wird dringend  empfohlen, alle Gegenst\u00e4nde (am besten gut sic...<\/div><\/div>\n<div class=\"page-list-ext-item\"><h3 class=\"page-list-ext-title\"><a href=\"https:\/\/www.wittener-pfadfinder.de\/blog\/pfadfinderisches\/schwedenstuhl-bauanleitung\/\" title=\"Schwedenstuhl-Bauanleitung\">Schwedenstuhl-Bauanleitung<\/a><\/h3><div class=\"page-list-ext-item-content\">Mit dieser Bauanleitung m\u00f6chten wir, die Pfadistufe des Stammes St. Marien, dir gerne zeigen, wie auch du dir einen tollen Schwedenstuhl f\u00fcr unvergessliche Lagerfeuern\u00e4chte bauen kannst.<\/div><\/div>\n\n<\/div>\n","protected":false},"excerpt":{"rendered":"","protected":false},"author":5,"featured_media":0,"parent":0,"menu_order":0,"comment_status":"open","ping_status":"open","template":"","meta":{"footnotes":""},"class_list":["post-2943","page","type-page","status-publish","hentry"],"_links":{"self":[{"href":"https:\/\/www.wittener-pfadfinder.de\/blog\/wp-json\/wp\/v2\/pages\/2943","targetHints":{"allow":["GET"]}}],"collection":[{"href":"https:\/\/www.wittener-pfadfinder.de\/blog\/wp-json\/wp\/v2\/pages"}],"about":[{"href":"https:\/\/www.wittener-pfadfinder.de\/blog\/wp-json\/wp\/v2\/types\/page"}],"author":[{"embeddable":true,"href":"https:\/\/www.wittener-pfadfinder.de\/blog\/wp-json\/wp\/v2\/users\/5"}],"replies":[{"embeddable":true,"href":"https:\/\/www.wittener-pfadfinder.de\/blog\/wp-json\/wp\/v2\/comments?post=2943"}],"version-history":[{"count":8,"href":"https:\/\/www.wittener-pfadfinder.de\/blog\/wp-json\/wp\/v2\/pages\/2943\/revisions"}],"predecessor-version":[{"id":5810,"href":"https:\/\/www.wittener-pfadfinder.de\/blog\/wp-json\/wp\/v2\/pages\/2943\/revisions\/5810"}],"wp:attachment":[{"href":"https:\/\/www.wittener-pfadfinder.de\/blog\/wp-json\/wp\/v2\/media?parent=2943"}],"curies":[{"name":"wp","href":"https:\/\/api.w.org\/{rel}","templated":true}]}}